{"id":9218,"date":"2020-08-06T09:26:02","date_gmt":"2020-08-06T11:26:02","guid":{"rendered":"https:\/\/metropolitanacursos.com.br\/portal\/?post_type=product&#038;p=9218"},"modified":"2022-01-31T09:39:18","modified_gmt":"2022-01-31T11:39:18","slug":"youtuber","status":"publish","type":"product","link":"https:\/\/metropolitanacursos.com.br\/portal\/produto\/youtuber\/","title":{"rendered":"YOUTUBER"},"content":{"rendered":"<p>[vc_row][vc_column][\/vc_column][\/vc_row][vc_row][vc_column width=&#8221;2\/3&#8243;][vc_column_text]<br \/>\n<strong>CONTE\u00daDO PROGRAM\u00c1TICO:<\/strong><\/p>\n<p>YOUTUBER<br \/>\n&#8211; YOUTUBER PRIMEIROS PASSOS<br \/>\n&#8211; CRIANDO O LOGO E CONFIGURANDO O SEU CANAL<br \/>\n&#8211; RECURSOS ADICIONAIS E A IMPORT\u00c2NCIA DE SEGMENTAR<br \/>\n&#8211; MONTAR UM CEN\u00c1RIO<br \/>\n&#8211; REMOVER RU\u00cdDOS DO \u00c1UDIO E APLICAR EFEITOS<br \/>\n&#8211; SEO E GANHAR INSCRITOS<br \/>\n&#8211; FIDELIZAR O P\u00daBLICO<br \/>\n&#8211; FAZER SUCESSO E MANTER O P\u00daBLICO<br \/>\n&#8211; MONETIZA\u00c7\u00c3O E GOOGLE ADSENSE<br \/>\n&#8211; CRIANDO UMA LIVE<\/p>\n<p><strong>V\u00cdDEO DESIGNER<\/strong><br \/>\n&#8211; APRESENTA\u00c7\u00c3O<br \/>\n&#8211; NOVIDADES DA VERS\u00c3O<br \/>\n&#8211; IMPORTA\u00c7\u00c3O DE ARQUIVOS E FORMATOS SUPORTADOS<br \/>\n&#8211; TRACKS E TIMELINE<br \/>\n&#8211; CONFIGURA\u00c7\u00d5ES DE AUDIO TRACK<br \/>\n&#8211; ADI\u00c7\u00c3O DE TEXTOS<br \/>\n&#8211; PROPRIEDADE DE TEXTOS<br \/>\n&#8211; BACKGROUNDS<br \/>\n&#8211; EDI\u00c7\u00c3O E EFEITOS EM BACKGROUNDS<br \/>\n&#8211; CR\u00c9DITOS<br \/>\n&#8211; INTEGRA\u00c7\u00c3O DE APLICATIVOS<br \/>\n&#8211; EDI\u00c7\u00c3O DE VOLUME<br \/>\n&#8211; EFEITOS EM \u00c1UDIOS E V\u00cdDEOS<br \/>\n&#8211; TRANSI\u00c7\u00d5ES<br \/>\n&#8211; FADE<br \/>\n&#8211; AJUSTES DE CORES<br \/>\n&#8211; GERENCIAMENTO DE ARQUIVOS<br \/>\n&#8211; TRACK MOTION<br \/>\n&#8211; EFEITO 3D EM V\u00cdDEOS<br \/>\n&#8211; SLIDESHOW<br \/>\n&#8211; EFEITOS<br \/>\n&#8211; M\u00c1SCARAS E RECORTES<br \/>\n&#8211; FULLSCREEN E WIDESCREEN<br \/>\n&#8211; GRAVA\u00c7\u00c3O<br \/>\n&#8211; RENDERIZA\u00c7\u00c3O<br \/>\n&#8211; EDI\u00c7\u00c3O DE VELOCIDADE<br \/>\n&#8211; EFEITO 3D EM FOTOS<br \/>\n&#8211; EFEITOS EM TEXTOS<br \/>\n&#8211; QUADRO SOBRE QUADRO<br \/>\n&#8211; M\u00c1SCARA EM TEXTO &#8211; I<br \/>\n&#8211; M\u00c1SCARA EM TEXTO &#8211; II<br \/>\n&#8211; M\u00c1SCARA EM TEXTO &#8211; III<\/p>\n<p><strong>ADOBE PREMIERE PRO CC<\/strong><br \/>\n&#8211; INTRODU\u00c7\u00c3O AO PROGRAMA<br \/>\n&#8211; FERRAMENTAS B\u00c1SICAS DE EDI\u00c7\u00c3O<br \/>\n&#8211; TRANSI\u00c7\u00d5ES DE V\u00cdDEO E ADICIONANDO TEXTO<br \/>\n&#8211; TRANSI\u00c7\u00c3O SWISH E KEYFRAMES<br \/>\n&#8211; EFEITOS DE V\u00cdDEO<br \/>\n&#8211; TRANSI\u00c7\u00c3O RGB, TRANSI\u00c7\u00d5ES E EFEITOS DE \u00c1UDIO<br \/>\n&#8211; ANIMA\u00c7\u00c3O<br \/>\n&#8211; CRIANDO LOWER THIRDS (REDES SOCIAIS E NOME)<br \/>\n&#8211; CRIAR INTRO PARA OS V\u00cdDEOS<br \/>\n&#8211; FRAME HOLD E BORDAS DESFOCADAS<br \/>\n&#8211; SMOOTH TRANSITIONS E GLITCHS<br \/>\n&#8211; V\u00cdDEO EM PRETO E BRANCO E EFEITO FISHEYE;<br \/>\n&#8211; TRANSI\u00c7\u00c3O USANDO PESSOAS E ACELERAR, DESACELERAR E REVERTER V\u00cdDEOS<br \/>\n&#8211; EFEITO FLASH<br \/>\n&#8211; EFEITO M\u00c1GICA<br \/>\n&#8211; CORRE\u00c7\u00c3O DE COR, PREDEFINI\u00c7\u00d5ES E ADICIONANDO LUTS<br \/>\n&#8211; ADICIONAR CR\u00c9DITOS A PARTIR DE GR\u00c1FICOS ESSENCIAIS<br \/>\n&#8211; RENDERIZAR PROJETO<br \/>\n[\/vc_column_text][vc_row_inner][vc_column_inner width=&#8221;1\/3&#8243; css=&#8221;.vc_custom_1569767604927{background-color: #cecece !important;}&#8221;][vc_column_text css=&#8221;.vc_custom_1569767624002{margin-bottom: 10px !important;}&#8221;]<\/p>\n<h4 style=\"text-align: center;\"><strong>MATR\u00cdCULA<\/strong><\/h4>\n<p>[\/vc_column_text][vc_column_text]<\/p>\n<p style=\"text-align: center;\">R$ 250,00<\/p>\n<p>[\/vc_column_text][\/vc_column_inner][vc_column_inner width=&#8221;1\/3&#8243; css=&#8221;.vc_custom_1569767813345{background-color: #cecece !important;}&#8221;][vc_column_text css=&#8221;.vc_custom_1643629151716{margin-bottom: 10px !important;}&#8221;]<\/p>\n<h4 style=\"text-align: center;\"><strong>MATERIAL DID\u00c1TICO<\/strong><\/h4>\n<p>[\/vc_column_text][vc_column_text]<\/p>\n<p style=\"text-align: center;\">R$ 190,00<\/p>\n<p>[\/vc_column_text][\/vc_column_inner][vc_column_inner width=&#8221;1\/3&#8243; css=&#8221;.vc_custom_1569767828386{background-color: #cecece !important;}&#8221;][vc_column_text css=&#8221;.vc_custom_1569767875513{margin-bottom: 10px !important;}&#8221;]<\/p>\n<h4 style=\"text-align: center;\"><strong>MENSALIDADE<\/strong><\/h4>\n<p>[\/vc_column_text][vc_column_text]<\/p>\n<p style=\"text-align: center;\">R$ 296,00<\/p>\n<p>[\/vc_column_text][\/vc_column_inner][\/vc_row_inner][\/vc_column][vc_column width=&#8221;1\/3&#8243;][vc_single_image image=&#8221;9220&#8243; img_size=&#8221;full&#8221; alignment=&#8221;center&#8221; onclick=&#8221;zoom&#8221;][\/vc_column][\/vc_row]<\/p>\n","protected":false},"excerpt":{"rendered":"<p>[vc_row][vc_column][\/vc_column][\/vc_row][vc_row][vc_column width=&#8221;2\/3&#8243;][vc_column_text] CONTE\u00daDO PROGRAM\u00c1TICO: YOUTUBER &#8211; YOUTUBER PRIMEIROS PASSOS &#8211; CRIANDO O LOGO E CONFIGURANDO O SEU CANAL &#8211; RECURSOS ADICIONAIS E A IMPORT\u00c2NCIA DE SEGMENTAR &#8211; MONTAR UM CEN\u00c1RIO &#8211; REMOVER RU\u00cdDOS DO \u00c1UDIO E APLICAR EFEITOS &#8211; SEO E GANHAR INSCRITOS &#8211; FIDELIZAR O P\u00daBLICO &#8211; FAZER SUCESSO E MANTER O P\u00daBLICO &#8211; [&hellip;]<\/p>\n","protected":false},"featured_media":9219,"template":"","meta":{"ngg_post_thumbnail":0,"_joinchat":[]},"product_cat":[45],"product_tag":[75],"_links":{"self":[{"href":"https:\/\/metropolitanacursos.com.br\/portal\/wp-json\/wp\/v2\/product\/9218"}],"collection":[{"href":"https:\/\/metropolitanacursos.com.br\/portal\/wp-json\/wp\/v2\/product"}],"about":[{"href":"https:\/\/metropolitanacursos.com.br\/portal\/wp-json\/wp\/v2\/types\/product"}],"wp:featuredmedia":[{"embeddable":true,"href":"https:\/\/metropolitanacursos.com.br\/portal\/wp-json\/wp\/v2\/media\/9219"}],"wp:attachment":[{"href":"https:\/\/metropolitanacursos.com.br\/portal\/wp-json\/wp\/v2\/media?parent=9218"}],"wp:term":[{"taxonomy":"product_cat","embeddable":true,"href":"https:\/\/metropolitanacursos.com.br\/portal\/wp-json\/wp\/v2\/product_cat?post=9218"},{"taxonomy":"product_tag","embeddable":true,"href":"https:\/\/metropolitanacursos.com.br\/portal\/wp-json\/wp\/v2\/product_tag?post=9218"}],"curies":[{"name":"wp","href":"https:\/\/api.w.org\/{rel}","templated":true}]}}