{"id":4199,"date":"2019-09-30T12:58:47","date_gmt":"2019-09-30T14:58:47","guid":{"rendered":"https:\/\/metropollis.com.br\/portal\/?post_type=product&#038;p=4199"},"modified":"2022-05-17T12:34:58","modified_gmt":"2022-05-17T14:34:58","slug":"web-designer","status":"publish","type":"product","link":"https:\/\/metropolitanacursos.com.br\/portal\/produto\/web-designer\/","title":{"rendered":"WEB DESIGNER"},"content":{"rendered":"<p>[vc_row][vc_column][\/vc_column][\/vc_row][vc_row][vc_column width=&#8221;2\/3&#8243;][vc_column_text]<br \/>\n<strong>CONTE\u00daDO PROGRAM\u00c1TICO:<\/strong><\/p>\n<p><strong>HTML<\/strong><br \/>\n&#8211; FONTES, ALINHAMENTOS, LISTAS, LINKS E IMAGENS<br \/>\n&#8211; TABELAS, FORMUL\u00c1RIOS, FRAMES E TARGETS<\/p>\n<p><strong>HTML E CSS<\/strong><br \/>\n&#8211; INTRODU\u00c7\u00c3O WEB<br \/>\n&#8211; INSERINDO IMAGENS, CRIANDO LISTAS, LINKS E TABELAS<br \/>\n&#8211; FORMUL\u00c1RIO<br \/>\n&#8211; SITE E HOSPEDAGEM<br \/>\n&#8211; HTML 5 PRINCIPAIS ELEMENTOS<br \/>\n&#8211; INTRODU\u00c7\u00c3O CSS<br \/>\n&#8211; APLICANDO CSS EM UMA P\u00c1GINA<br \/>\n&#8211; APLICANDO CSS EM ARQUIVO EXTERNO<br \/>\n&#8211; SELETORES COMPLEXOS, DIMENSIONAMENTO E LISTAS E MARCADORES<br \/>\n&#8211; CSS 3 INTRODU\u00c7\u00c3O<br \/>\n&#8211; CSS 3 TRANSI\u00c7\u00d5ES<br \/>\n&#8211; CSS 3 MEDIA QUERIES<\/p>\n<p><strong>DREAMWEAVER CS6<\/strong><br \/>\n&#8211; INTRODU\u00c7\u00c3O AO ADOBE DREAMWEAVER CS6<br \/>\n&#8211; TAGS B\u00c1SICAS DE HTML<br \/>\n&#8211; CONFIGURA\u00c7\u00c3O DE P\u00c1GINAS NO DREAMWEAVER CS6 \u2013 PARTE 1<br \/>\n&#8211; CONFIGURA\u00c7\u00c3O DE P\u00c1GINAS NO DREAMWEAVER CS6 \u2013 PARTE 2<br \/>\n&#8211; TRABALHANDO COM TEXTOS<br \/>\n&#8211; TRABALHANDO COM IMAGENS<br \/>\n&#8211; COMPREENDENDO O FUNCIONAMENTO DOS HYPERLINKS<br \/>\n&#8211; TABELAS NO DREAMWEAVER CS6<br \/>\n&#8211; TRABALHANDO COM FRAMES<br \/>\n&#8211; INTEGRA\u00c7\u00c3O DE FLASH NO DREAMWEAVER CS6<br \/>\n&#8211; TRABALHANDO COM FOLHAS DE ESTILO ( CSS)<br \/>\n&#8211; ENTENDENDO O FUNCIONAMENTO DOS FORMUL\u00c1RIOS NO DREAMWEAVER CS6<br \/>\n&#8211; DESENVOLVIMENTO DE FORMUL\u00c1RIO COMPLETO NO DREAMWEAVER CS6<br \/>\n&#8211; COMPREENDENDO A FUN\u00c7\u00c3O DE SPRY NO DREAMWEAVER CS6<br \/>\n&#8211; TRABALHANDO COM DIV\u2019S AP<br \/>\n&#8211; ENTENDENDO O COMPORTAMENTO DOS NAVEGADORES<br \/>\n&#8211; CRIA\u00c7\u00c3O DE SITE COMPLETO NO DREAMWEAVER CS6 \u2013 PARTE 1<br \/>\n&#8211; CRIA\u00c7\u00c3O DE SITE COMPLETO NO DREAMWEAVER CS6 \u2013 PARTE 2<br \/>\n&#8211; CRIA\u00c7\u00c3O DE SITE COMPLETO NO DREAMWEAVER CS6 \u2013 PARTE 3<br \/>\n&#8211; CRIA\u00c7\u00c3O DE SITE COMPLETO NO DREAMWEAVER CS6 \u2013 PARTE 4<\/p>\n<p><strong>FIREWORKS CS6<\/strong><br \/>\n&#8211; INTRODU\u00c7\u00c3O AO ADOBE FIREWORKS CS6<br \/>\n&#8211; COMPREENDENDO O FUNCIONAMENTO DAS SELE\u00c7\u00d5ES E TRANSFORMA\u00c7\u00d5ES EM OBJETOS<br \/>\n&#8211; TRABALHANDO COM BITMAPS<br \/>\n&#8211; TRABALHANDO COM VETORES<br \/>\n&#8211; APLICANDO TRA\u00c7ADOS E PREENCHIMENTOS<br \/>\n&#8211; TRABALHANDO COM ESTILOS<br \/>\n&#8211; M\u00c1SCARAS E CAMADAS NO FIREWORKS CS6<br \/>\n&#8211; TRABALHANDO COM EFEITOS NO FIREWORKS CS6<br \/>\n&#8211; ENTENDENDO O FUNCIONAMENTO DE BOT\u00d5ES E MENUS POP-UP<br \/>\n&#8211; CRIA\u00c7\u00c3O DE LAYOUT B\u00c1SICO NO FIREWORKS CS6 \u2013 PARTE 1<br \/>\n&#8211; CRIA\u00c7\u00c3O DE LAYOUT B\u00c1SICO NO FIREWORKS CS6 \u2013 PARTE 2<br \/>\n&#8211; ENTENDENDO O FATIAMENTO NO FIREWORKS CS6<br \/>\n&#8211; CRIA\u00c7\u00c3O DE ANIMA\u00c7\u00d5ES NO FIREWORKS CS6<br \/>\n&#8211; CRIA\u00c7\u00c3O DE LAYOUT COMPLETO NO FIREWORKS CS6<\/p>\n<p><strong>FTP:<\/strong><br \/>\n&#8211; FTP E HTTP<\/p>\n<p><strong>DOM\u00cdNIO E E-MAILS<\/strong><br \/>\n&#8211; SERVIDOR DE DNS E E-MAIL<br \/>\n[\/vc_column_text][vc_row_inner][vc_column_inner width=&#8221;1\/3&#8243; css=&#8221;.vc_custom_1569767604927{background-color: #cecece !important;}&#8221;][vc_column_text css=&#8221;.vc_custom_1569767624002{margin-bottom: 10px !important;}&#8221;]<\/p>\n<h4 style=\"text-align: center;\"><strong>MATR\u00cdCULA<\/strong><\/h4>\n<p>[\/vc_column_text][vc_column_text]<\/p>\n<p style=\"text-align: center;\">R$ 250,00<\/p>\n<p>[\/vc_column_text][\/vc_column_inner][vc_column_inner width=&#8221;1\/3&#8243; css=&#8221;.vc_custom_1569767813345{background-color: #cecece !important;}&#8221;][vc_column_text css=&#8221;.vc_custom_1643843685295{margin-bottom: 10px !important;}&#8221;]<\/p>\n<h4 style=\"text-align: center;\"><strong>MATERIAL<\/strong><strong> DID\u00c1TICO<\/strong><\/h4>\n<p>[\/vc_column_text][vc_column_text]<\/p>\n<p style=\"text-align: center;\">R$ 290,00<\/p>\n<p>[\/vc_column_text][\/vc_column_inner][vc_column_inner width=&#8221;1\/3&#8243; css=&#8221;.vc_custom_1569767828386{background-color: #cecece !important;}&#8221;][vc_column_text css=&#8221;.vc_custom_1569767875513{margin-bottom: 10px !important;}&#8221;]<\/p>\n<h4 style=\"text-align: center;\"><strong>MENSALIDADE<\/strong><\/h4>\n<p>[\/vc_column_text][vc_column_text]<\/p>\n<p style=\"text-align: center;\">R$ 315,00<\/p>\n<p>[\/vc_column_text][\/vc_column_inner][\/vc_row_inner][\/vc_column][vc_column width=&#8221;1\/3&#8243;][vc_single_image image=&#8221;9108&#8243; img_size=&#8221;full&#8221; alignment=&#8221;center&#8221; onclick=&#8221;zoom&#8221;][\/vc_column][\/vc_row]<\/p>\n","protected":false},"excerpt":{"rendered":"<p>[vc_row][vc_column][\/vc_column][\/vc_row][vc_row][vc_column width=&#8221;2\/3&#8243;][vc_column_text] CONTE\u00daDO PROGRAM\u00c1TICO: HTML &#8211; FONTES, ALINHAMENTOS, LISTAS, LINKS E IMAGENS &#8211; TABELAS, FORMUL\u00c1RIOS, FRAMES E TARGETS HTML E CSS &#8211; INTRODU\u00c7\u00c3O WEB &#8211; INSERINDO IMAGENS, CRIANDO LISTAS, LINKS E TABELAS &#8211; FORMUL\u00c1RIO &#8211; SITE E HOSPEDAGEM &#8211; HTML 5 PRINCIPAIS ELEMENTOS &#8211; INTRODU\u00c7\u00c3O CSS &#8211; APLICANDO CSS EM UMA P\u00c1GINA &#8211; APLICANDO CSS [&hellip;]<\/p>\n","protected":false},"featured_media":9107,"template":"","meta":{"ngg_post_thumbnail":0,"_joinchat":[]},"product_cat":[45],"product_tag":[61],"_links":{"self":[{"href":"https:\/\/metropolitanacursos.com.br\/portal\/wp-json\/wp\/v2\/product\/4199"}],"collection":[{"href":"https:\/\/metropolitanacursos.com.br\/portal\/wp-json\/wp\/v2\/product"}],"about":[{"href":"https:\/\/metropolitanacursos.com.br\/portal\/wp-json\/wp\/v2\/types\/product"}],"wp:featuredmedia":[{"embeddable":true,"href":"https:\/\/metropolitanacursos.com.br\/portal\/wp-json\/wp\/v2\/media\/9107"}],"wp:attachment":[{"href":"https:\/\/metropolitanacursos.com.br\/portal\/wp-json\/wp\/v2\/media?parent=4199"}],"wp:term":[{"taxonomy":"product_cat","embeddable":true,"href":"https:\/\/metropolitanacursos.com.br\/portal\/wp-json\/wp\/v2\/product_cat?post=4199"},{"taxonomy":"product_tag","embeddable":true,"href":"https:\/\/metropolitanacursos.com.br\/portal\/wp-json\/wp\/v2\/product_tag?post=4199"}],"curies":[{"name":"wp","href":"https:\/\/api.w.org\/{rel}","templated":true}]}}