{"id":4125,"date":"2019-09-29T15:56:47","date_gmt":"2019-09-29T17:56:47","guid":{"rendered":"https:\/\/metropollis.com.br\/portal\/?post_type=product&#038;p=4125"},"modified":"2022-05-17T12:47:14","modified_gmt":"2022-05-17T14:47:14","slug":"manicure-e-pedicure","status":"publish","type":"product","link":"https:\/\/metropolitanacursos.com.br\/portal\/produto\/manicure-e-pedicure\/","title":{"rendered":"MANICURE E PEDICURE"},"content":{"rendered":"<p>[vc_row][vc_column][\/vc_column][\/vc_row][vc_row][vc_column width=&#8221;2\/3&#8243;][vc_column_text]<br \/>\n<strong>CONTE\u00daDO PROGRAM\u00c1TICO:<\/strong><br \/>\n&#8211; \u00c9TICA PROFISSIONAL<br \/>\n&#8211; SALA DE TRABALHO<br \/>\n&#8211; EQUIPAMENTOS<br \/>\n&#8211; CONTAMINA\u00c7\u00d5ES E ESTERILIZA\u00c7\u00d5ES<br \/>\n&#8211; ANATOMIA DAS M\u00c3OS E P\u00c9S<br \/>\n&#8211; PROBLEMAS EST\u00c9TICOS<br \/>\n&#8211; ESMALTES<br \/>\n&#8211; FRANCESINHAS<br \/>\n&#8211; DESENHOS<br \/>\n&#8211; UNHAS EM GEL<br \/>\n&#8211; UNHAS EM ACR\u00cdLICO<br \/>\n[\/vc_column_text][vc_row_inner][vc_column_inner width=&#8221;1\/3&#8243; css=&#8221;.vc_custom_1569767604927{background-color: #cecece !important;}&#8221;][vc_column_text css=&#8221;.vc_custom_1569767624002{margin-bottom: 10px !important;}&#8221;]<\/p>\n<h4 style=\"text-align: center;\"><strong>MATR\u00cdCULA<\/strong><\/h4>\n<p>[\/vc_column_text][vc_column_text]<\/p>\n<p style=\"text-align: center;\">R$ 250,00<\/p>\n<p>[\/vc_column_text][\/vc_column_inner][vc_column_inner width=&#8221;1\/3&#8243; css=&#8221;.vc_custom_1569767813345{background-color: #cecece !important;}&#8221;][vc_column_text css=&#8221;.vc_custom_1643845826383{margin-bottom: 10px !important;}&#8221;]<\/p>\n<h4 style=\"text-align: center;\"><strong>MATERIAL<\/strong><strong> DID\u00c1TICO<\/strong><\/h4>\n<p>[\/vc_column_text][vc_column_text]<\/p>\n<p style=\"text-align: center;\">R$ 350,00<\/p>\n<p>[\/vc_column_text][\/vc_column_inner][vc_column_inner width=&#8221;1\/3&#8243; css=&#8221;.vc_custom_1569767828386{background-color: #cecece !important;}&#8221;][vc_column_text css=&#8221;.vc_custom_1569767875513{margin-bottom: 10px !important;}&#8221;]<\/p>\n<h4 style=\"text-align: center;\"><strong>MENSALIDADE<\/strong><\/h4>\n<p>[\/vc_column_text][vc_column_text]<\/p>\n<p style=\"text-align: center;\">R$359,00<\/p>\n<p>[\/vc_column_text][\/vc_column_inner][\/vc_row_inner][\/vc_column][vc_column width=&#8221;1\/3&#8243;][vc_single_image image=&#8221;9128&#8243; img_size=&#8221;full&#8221; alignment=&#8221;center&#8221; onclick=&#8221;zoom&#8221;][\/vc_column][\/vc_row]<\/p>\n","protected":false},"excerpt":{"rendered":"<p>[vc_row][vc_column][\/vc_column][\/vc_row][vc_row][vc_column width=&#8221;2\/3&#8243;][vc_column_text] CONTE\u00daDO PROGRAM\u00c1TICO: &#8211; \u00c9TICA PROFISSIONAL &#8211; SALA DE TRABALHO &#8211; EQUIPAMENTOS &#8211; CONTAMINA\u00c7\u00d5ES E ESTERILIZA\u00c7\u00d5ES &#8211; ANATOMIA DAS M\u00c3OS E P\u00c9S &#8211; PROBLEMAS EST\u00c9TICOS &#8211; ESMALTES &#8211; FRANCESINHAS &#8211; DESENHOS &#8211; UNHAS EM GEL &#8211; UNHAS EM ACR\u00cdLICO [\/vc_column_text][vc_row_inner][vc_column_inner width=&#8221;1\/3&#8243; css=&#8221;.vc_custom_1569767604927{background-color: #cecece !important;}&#8221;][vc_column_text css=&#8221;.vc_custom_1569767624002{margin-bottom: 10px !important;}&#8221;] MATR\u00cdCULA [\/vc_column_text][vc_column_text] R$ 250,00 [\/vc_column_text][\/vc_column_inner][vc_column_inner width=&#8221;1\/3&#8243; css=&#8221;.vc_custom_1569767813345{background-color: [&hellip;]<\/p>\n","protected":false},"featured_media":9127,"template":"","meta":{"ngg_post_thumbnail":0,"_joinchat":[]},"product_cat":[45],"product_tag":[48],"_links":{"self":[{"href":"https:\/\/metropolitanacursos.com.br\/portal\/wp-json\/wp\/v2\/product\/4125"}],"collection":[{"href":"https:\/\/metropolitanacursos.com.br\/portal\/wp-json\/wp\/v2\/product"}],"about":[{"href":"https:\/\/metropolitanacursos.com.br\/portal\/wp-json\/wp\/v2\/types\/product"}],"wp:featuredmedia":[{"embeddable":true,"href":"https:\/\/metropolitanacursos.com.br\/portal\/wp-json\/wp\/v2\/media\/9127"}],"wp:attachment":[{"href":"https:\/\/metropolitanacursos.com.br\/portal\/wp-json\/wp\/v2\/media?parent=4125"}],"wp:term":[{"taxonomy":"product_cat","embeddable":true,"href":"https:\/\/metropolitanacursos.com.br\/portal\/wp-json\/wp\/v2\/product_cat?post=4125"},{"taxonomy":"product_tag","embeddable":true,"href":"https:\/\/metropolitanacursos.com.br\/portal\/wp-json\/wp\/v2\/product_tag?post=4125"}],"curies":[{"name":"wp","href":"https:\/\/api.w.org\/{rel}","templated":true}]}}