{"id":889,"date":"2015-07-02T05:10:48","date_gmt":"2015-07-02T05:10:48","guid":{"rendered":"http:\/\/masterstudy.stylemixthemes.com\/demo\/?page_id=889"},"modified":"2020-08-20T22:09:36","modified_gmt":"2020-08-21T00:09:36","slug":"conheca","status":"publish","type":"page","link":"https:\/\/metropolitanacursos.com.br\/portal\/conheca\/","title":{"rendered":"Conhe\u00e7a"},"content":{"rendered":"<p>[vc_row css=&#8221;.vc_custom_1435816078010{margin-bottom: 15px !important;}&#8221;][vc_column][vc_custom_heading text=&#8221;SEJA BEM VINDO A METROPOLITANA CURSOS&#8221; google_fonts=&#8221;font_family:Montserrat%3Aregular%2C700|font_style:700%20bold%20regular%3A700%3Anormal&#8221; css=&#8221;.vc_custom_1595674713671{margin-top: -8px !important;margin-bottom: 29px !important;}&#8221;][vc_column_text css=&#8221;.vc_custom_1512999438599{margin-bottom: 32px !important;}&#8221;]Escola de educa\u00e7\u00e3o profissional nas \u00e1reas administrativas, inform\u00e1tica, idiomas, beleza e sa\u00fade. Com mais de 10 anos de conhecimento e experi\u00eancia no mercado.<br \/>\nTraz para o ambiente de aprendizado rotinas de trabalho para que o aluno tenha conhecimentos e habilidades desenvolvendo assim, id\u00e9ias, solu\u00e7\u00f5es e inova\u00e7\u00f5es t\u00e3o exigidas no mercado de trabalho.[\/vc_column_text][vc_custom_heading text=&#8221;Confira nossas instala\u00e7\u00f5es:&#8221; font_container=&#8221;tag:h4|text_align:left&#8221; google_fonts=&#8221;font_family:Montserrat%3Aregular%2C700|font_style:400%20regular%3A400%3Anormal&#8221; css=&#8221;.vc_custom_1511127268278{margin-bottom: 20px !important;}&#8221;][\/vc_column][\/vc_row][vc_row][vc_column][vc_column_text]<\/p>\n<p>ngg_shortcode_0_placeholder[\/vc_column_text][\/vc_column][\/vc_row]<\/p>\n","protected":false},"excerpt":{"rendered":"<p>[vc_row css=&#8221;.vc_custom_1435816078010{margin-bottom: 15px !important;}&#8221;][vc_column][vc_custom_heading text=&#8221;SEJA BEM VINDO A METROPOLITANA CURSOS&#8221; google_fonts=&#8221;font_family:Montserrat%3Aregular%2C700|font_style:700%20bold%20regular%3A700%3Anormal&#8221; css=&#8221;.vc_custom_1595674713671{margin-top: -8px !important;margin-bottom: 29px !important;}&#8221;][vc_column_text css=&#8221;.vc_custom_1512999438599{margin-bottom: 32px !important;}&#8221;]Escola de educa\u00e7\u00e3o profissional nas \u00e1reas administrativas, inform\u00e1tica, idiomas, beleza e sa\u00fade. Com mais de 10 anos de conhecimento e experi\u00eancia no mercado. Traz para o ambiente de aprendizado rotinas de trabalho para que o aluno tenha [&hellip;]<\/p>\n","protected":false},"author":1,"featured_media":0,"parent":0,"menu_order":0,"comment_status":"closed","ping_status":"closed","template":"","meta":{"ngg_post_thumbnail":0,"_joinchat":[]},"_links":{"self":[{"href":"https:\/\/metropolitanacursos.com.br\/portal\/wp-json\/wp\/v2\/pages\/889"}],"collection":[{"href":"https:\/\/metropolitanacursos.com.br\/portal\/wp-json\/wp\/v2\/pages"}],"about":[{"href":"https:\/\/metropolitanacursos.com.br\/portal\/wp-json\/wp\/v2\/types\/page"}],"author":[{"embeddable":true,"href":"https:\/\/metropolitanacursos.com.br\/portal\/wp-json\/wp\/v2\/users\/1"}],"replies":[{"embeddable":true,"href":"https:\/\/metropolitanacursos.com.br\/portal\/wp-json\/wp\/v2\/comments?post=889"}],"version-history":[{"count":22,"href":"https:\/\/metropolitanacursos.com.br\/portal\/wp-json\/wp\/v2\/pages\/889\/revisions"}],"predecessor-version":[{"id":9286,"href":"https:\/\/metropolitanacursos.com.br\/portal\/wp-json\/wp\/v2\/pages\/889\/revisions\/9286"}],"wp:attachment":[{"href":"https:\/\/metropolitanacursos.com.br\/portal\/wp-json\/wp\/v2\/media?parent=889"}],"curies":[{"name":"wp","href":"https:\/\/api.w.org\/{rel}","templated":true}]}}