{"id":8,"date":"2015-05-20T11:45:57","date_gmt":"2015-05-20T11:45:57","guid":{"rendered":"http:\/\/masterstudy.stylemixthemes.com\/demo\/?page_id=8"},"modified":"2025-12-09T07:52:20","modified_gmt":"2025-12-09T09:52:20","slug":"front-page","status":"publish","type":"page","link":"https:\/\/metropolitanacursos.com.br\/portal\/","title":{"rendered":"Home"},"content":{"rendered":"<p>[vc_row full_width=&#8221;stretch_row_content_no_spaces&#8221; disable_element=&#8221;yes&#8221; css=&#8221;.vc_custom_1595119204871{margin-bottom: 0px !important;}&#8221;][vc_column][\/vc_column][\/vc_row][vc_row full_width=&#8221;stretch_row_content_no_spaces&#8221; css=&#8221;.vc_custom_1595120220650{margin-bottom: 0px !important;padding-top: 3px !important;background-color: #565656 !important;}&#8221;][vc_column][vc_images_carousel images=&#8221;9075,9076&#8243; img_size=&#8221;full&#8221; autoplay=&#8221;yes&#8221; wrap=&#8221;yes&#8221;][\/vc_column][\/vc_row][vc_row full_width=&#8221;stretch_row_content_no_spaces&#8221; css=&#8221;.vc_custom_1432531325225{margin-bottom: 0px !important;}&#8221;][vc_column][vc_empty_space][\/vc_column][\/vc_row][vc_row full_width=&#8221;stretch_row&#8221; css=&#8221;.vc_custom_1593258491040{margin-bottom: 0px !important;}&#8221;][vc_column][vc_single_image image=&#8221;9078&#8243; img_size=&#8221;full&#8221; alignment=&#8221;center&#8221;][\/vc_column][\/vc_row][vc_row full_width=&#8221;stretch_row_content_no_spaces&#8221; css=&#8221;.vc_custom_1432531325225{margin-bottom: 0px !important;}&#8221;][vc_column][vc_empty_space][\/vc_column][\/vc_row][vc_row full_width=&#8221;stretch_row&#8221; css=&#8221;.vc_custom_1593258497839{margin-bottom: 0px !important;}&#8221;][vc_column width=&#8221;1\/3&#8243;][vc_column_text]<\/p>\n<p style=\"text-align: center\">\t\t<div id=\"instagram-gallery-feed-1\" class=\"instagram-gallery-feed\" data-feed=\"{&quot;id&quot;:1,&quot;account_id&quot;:&quot;17841428223377793&quot;,&quot;source&quot;:&quot;username&quot;,&quot;tag&quot;:&quot;wordpress&quot;,&quot;order_by&quot;:&quot;top_media&quot;,&quot;layout&quot;:&quot;gallery&quot;,&quot;limit&quot;:3,&quot;columns&quot;:1,&quot;spacing&quot;:10,&quot;lazy&quot;:false,&quot;responsive&quot;:{&quot;desktop&quot;:{&quot;columns&quot;:3,&quot;spacing&quot;:10},&quot;tablet&quot;:{&quot;columns&quot;:2,&quot;spacing&quot;:8},&quot;mobile&quot;:{&quot;columns&quot;:1,&quot;spacing&quot;:6},&quot;breakpoints&quot;:{&quot;tablet&quot;:768,&quot;mobile&quot;:480}},&quot;aspect_ratio&quot;:{&quot;width&quot;:1,&quot;height&quot;:1},&quot;highlight&quot;:{&quot;tag&quot;:&quot;&quot;,&quot;id&quot;:&quot;&quot;,&quot;position&quot;:&quot;1,3,5&quot;},&quot;reel&quot;:{&quot;hide&quot;:false},&quot;copyright&quot;:{&quot;hide&quot;:false,&quot;placeholder&quot;:&quot;&quot;},&quot;profile&quot;:{&quot;display&quot;:false,&quot;username&quot;:&quot;&quot;,&quot;nickname&quot;:&quot;&quot;,&quot;website&quot;:&quot;&quot;,&quot;biography&quot;:&quot;&quot;,&quot;link_text&quot;:&quot;Follow&quot;,&quot;website_text&quot;:&quot;Website&quot;,&quot;avatar&quot;:&quot;&quot;},&quot;box&quot;:{&quot;display&quot;:false,&quot;padding&quot;:1,&quot;radius&quot;:0,&quot;background&quot;:&quot;#fefefe&quot;,&quot;profile&quot;:false,&quot;desc&quot;:&quot;&quot;,&quot;text_color&quot;:&quot;#000000&quot;},&quot;mask&quot;:{&quot;display&quot;:true,&quot;background&quot;:&quot;#000000&quot;,&quot;icon_color&quot;:&quot;#ffffff&quot;,&quot;likes_count&quot;:true,&quot;comments_count&quot;:true},&quot;card&quot;:{&quot;display&quot;:false,&quot;radius&quot;:1,&quot;font_size&quot;:12,&quot;background&quot;:&quot;#ffffff&quot;,&quot;background_hover&quot;:&quot;&quot;,&quot;text_color&quot;:&quot;#000000&quot;,&quot;padding&quot;:5,&quot;likes_count&quot;:true,&quot;text_length&quot;:10,&quot;comments_count&quot;:true,&quot;text_align&quot;:&quot;left&quot;},&quot;carousel&quot;:{&quot;centered_slides&quot;:false,&quot;autoplay&quot;:false,&quot;autoplay_interval&quot;:3000,&quot;navarrows&quot;:true,&quot;navarrows_color&quot;:&quot;&quot;,&quot;pagination&quot;:true,&quot;pagination_color&quot;:&quot;&quot;},&quot;modal&quot;:{&quot;display&quot;:true,&quot;profile&quot;:false,&quot;media_description&quot;:true,&quot;likes_count&quot;:true,&quot;comments_count&quot;:true,&quot;comments_list&quot;:false,&quot;text_align&quot;:&quot;left&quot;,&quot;modal_align&quot;:&quot;right&quot;,&quot;text_length&quot;:10000,&quot;font_size&quot;:12},&quot;button&quot;:{&quot;display&quot;:true,&quot;text&quot;:&quot;Veja no Instagram&quot;,&quot;text_color&quot;:&quot;#ffff&quot;,&quot;background&quot;:&quot;&quot;,&quot;background_hover&quot;:&quot;&quot;},&quot;button_load&quot;:{&quot;display&quot;:false,&quot;text&quot;:&quot;Load more...&quot;,&quot;text_color&quot;:&quot;#ffff&quot;,&quot;background&quot;:&quot;&quot;,&quot;background_hover&quot;:&quot;&quot;}}\">\n\t\t<!-- <FeedContainer\/> -->\n\t\t<\/div>\n<div>A escola de educa\u00e7\u00e3o profissional Metropolitana Cursos h\u00e1 muito se estabeleceu como um espa\u00e7o onde as habilidades aplicadas adquirem significado real. Muitos escolhem cursos desse tipo para ampliar seus horizontes, aumentar sua confian\u00e7a e adquirir compet\u00eancias procuradas, seja na \u00e1rea administrativa, de idiomas ou de tecnologia da informa\u00e7\u00e3o. Essa abordagem muitas vezes ajuda a ter uma vis\u00e3o mais ampla e a compreender as tend\u00eancias de diferentes setores, incluindo servi\u00e7os digitais e plataformas online modernas.<\/p>\n<p>\u00c9 por isso que surge o interesse em saber como funcionam os servi\u00e7os populares na internet, incluindo plataformas que oferecem entretenimento e programas de b\u00f4nus. As discuss\u00f5es sobre os sites de jogos e suas condi\u00e7\u00f5es costumam atrair a aten\u00e7\u00e3o de estudantes e especialistas que estudam os ecossistemas digitais modernos. Nesse contexto, tamb\u00e9m h\u00e1 material sobre as oportunidades para jogadores da Su\u00ed\u00e7a \u2014<br \/>\n<a href=\"https:\/\/jack-news.de\/mystake-casino-review-fuer-schweizer-spieler-lohnt-es-sich-sich-zu-registrieren\/\">jack-news.de<\/a>\u2014 onde s\u00e3o levantadas quest\u00f5es sobre avalia\u00e7\u00f5es, b\u00f4nus e caracter\u00edsticas do registro em recursos semelhantes. Esse tipo de conte\u00fado ajuda a entender a mec\u00e2nica de funcionamento dos servi\u00e7os, seus pontos fortes e fracos, o que \u00e0s vezes se torna \u00fatil do ponto de vista do desenvolvimento de uma abordagem anal\u00edtica.<\/p>\n<p>Como resultado, a combina\u00e7\u00e3o da experi\u00eancia educacional oferecida pela Metropolitana Cursos e o interesse por plataformas digitais formam uma vis\u00e3o mais ampla das ferramentas modernas exigidas pelo mercado. E a compreens\u00e3o dos princ\u00edpios de funcionamento dos servi\u00e7os online, sejam eles recursos de aprendizagem ou jogos, ajuda a se orientar com mais seguran\u00e7a no espa\u00e7o digital em r\u00e1pida mudan\u00e7a.\n<\/p><\/div>\n<p>[\/vc_column_text][\/vc_column][vc_column width=&#8221;2\/3&#8243;][vc_empty_space height=&#8221;25px&#8221;][vc_single_image image=&#8221;9082&#8243; img_size=&#8221;full&#8221; alignment=&#8221;center&#8221;][\/vc_column][\/vc_row][vc_row full_width=&#8221;stretch_row_content_no_spaces&#8221; css=&#8221;.vc_custom_1432531325225{margin-bottom: 0px !important;}&#8221;][vc_column][vc_empty_space][\/vc_column][\/vc_row][vc_row full_width=&#8221;stretch_row&#8221; parallax=&#8221;content-moving-fade&#8221; parallax_image=&#8221;1490&#8243; css=&#8221;.vc_custom_1437056576326{padding-top: 29px !important;padding-bottom: 60px !important;}&#8221; el_class=&#8221;stm_fixed_background&#8221;][vc_column][vc_custom_heading text=&#8221;NOSSO CENTRO ESTUDANTIL&#8221; font_container=&#8221;tag:h2|font_size:32|text_align:center|color:%23ffffff|line_height:48px&#8221; google_fonts=&#8221;font_family:Montserrat%3Aregular%2C700|font_style:700%20bold%20regular%3A700%3Anormal&#8221;][vc_row_inner][vc_column_inner][stm_color_separator color=&#8221;#fdc735&#8243; css=&#8221;.vc_custom_1436163568935{margin-top: 7px !important;margin-bottom: 27px !important;}&#8221;][vc_column_text css=&#8221;.vc_custom_1511124257024{margin-bottom: 11px !important;}&#8221;]<\/p>\n<h4 style=\"text-align: center\"><span style=\"color: #ffffff\">Confira nossos n\u00fameros<\/span><\/h4>\n<p>[\/vc_column_text][\/vc_column_inner][\/vc_row_inner][vc_row_inner css=&#8221;.vc_custom_1436163882282{margin-bottom: 46px !important;}&#8221;][vc_column_inner width=&#8221;1\/4&#8243;][stm_stats_counter counter_value=&#8221;1686&#8243; icon=&#8221;fa-icon-stm_icon_earth&#8221; icon_height=&#8221;72&#8243; title=&#8221;Alunos&#8221; icon_text_color=&#8221;#ffffff&#8221;][\/vc_column_inner][vc_column_inner width=&#8221;1\/4&#8243;][stm_stats_counter counter_value=&#8221;55&#8243; icon=&#8221;fa-icon-stm_icon_alarm&#8221; icon_size=&#8221;71&#8243; icon_height=&#8221;72&#8243; title=&#8221;Professores&#8221;][\/vc_column_inner][vc_column_inner width=&#8221;1\/4&#8243;][stm_stats_counter counter_value=&#8221;38&#8243; icon=&#8221;fa-icon-stm_icon_users&#8221; icon_height=&#8221;72&#8243; title=&#8221;Cursos&#8221;][\/vc_column_inner][vc_column_inner width=&#8221;1\/4&#8243;][stm_stats_counter counter_value=&#8221;8550&#8243; icon=&#8221;fa-icon-stm_icon_briefcase&#8221; icon_height=&#8221;72&#8243; title=&#8221;Formandos&#8221;][\/vc_column_inner][\/vc_row_inner][\/vc_column][\/vc_row]<\/p>\n","protected":false},"excerpt":{"rendered":"<p>[vc_row full_width=&#8221;stretch_row_content_no_spaces&#8221; disable_element=&#8221;yes&#8221; css=&#8221;.vc_custom_1595119204871{margin-bottom: 0px !important;}&#8221;][vc_column][\/vc_column][\/vc_row][vc_row full_width=&#8221;stretch_row_content_no_spaces&#8221; css=&#8221;.vc_custom_1595120220650{margin-bottom: 0px !important;padding-top: 3px !important;background-color: #565656 !important;}&#8221;][vc_column][vc_images_carousel images=&#8221;9075,9076&#8243; img_size=&#8221;full&#8221; autoplay=&#8221;yes&#8221; wrap=&#8221;yes&#8221;][\/vc_column][\/vc_row][vc_row full_width=&#8221;stretch_row_content_no_spaces&#8221; css=&#8221;.vc_custom_1432531325225{margin-bottom: 0px !important;}&#8221;][vc_column][vc_empty_space][\/vc_column][\/vc_row][vc_row full_width=&#8221;stretch_row&#8221; css=&#8221;.vc_custom_1593258491040{margin-bottom: 0px !important;}&#8221;][vc_column][vc_single_image image=&#8221;9078&#8243; img_size=&#8221;full&#8221; alignment=&#8221;center&#8221;][\/vc_column][\/vc_row][vc_row full_width=&#8221;stretch_row_content_no_spaces&#8221; css=&#8221;.vc_custom_1432531325225{margin-bottom: 0px !important;}&#8221;][vc_column][vc_empty_space][\/vc_column][\/vc_row][vc_row full_width=&#8221;stretch_row&#8221; css=&#8221;.vc_custom_1593258497839{margin-bottom: 0px !important;}&#8221;][vc_column width=&#8221;1\/3&#8243;][vc_column_text] A escola de educa\u00e7\u00e3o profissional Metropolitana Cursos h\u00e1 muito se estabeleceu como um espa\u00e7o onde as habilidades [&hellip;]<\/p>\n","protected":false},"author":1,"featured_media":0,"parent":0,"menu_order":0,"comment_status":"closed","ping_status":"closed","template":"","meta":{"ngg_post_thumbnail":0,"_joinchat":[]},"_links":{"self":[{"href":"https:\/\/metropolitanacursos.com.br\/portal\/wp-json\/wp\/v2\/pages\/8"}],"collection":[{"href":"https:\/\/metropolitanacursos.com.br\/portal\/wp-json\/wp\/v2\/pages"}],"about":[{"href":"https:\/\/metropolitanacursos.com.br\/portal\/wp-json\/wp\/v2\/types\/page"}],"author":[{"embeddable":true,"href":"https:\/\/metropolitanacursos.com.br\/portal\/wp-json\/wp\/v2\/users\/1"}],"replies":[{"embeddable":true,"href":"https:\/\/metropolitanacursos.com.br\/portal\/wp-json\/wp\/v2\/comments?post=8"}],"version-history":[{"count":106,"href":"https:\/\/metropolitanacursos.com.br\/portal\/wp-json\/wp\/v2\/pages\/8\/revisions"}],"predecessor-version":[{"id":9311,"href":"https:\/\/metropolitanacursos.com.br\/portal\/wp-json\/wp\/v2\/pages\/8\/revisions\/9311"}],"wp:attachment":[{"href":"https:\/\/metropolitanacursos.com.br\/portal\/wp-json\/wp\/v2\/media?parent=8"}],"curies":[{"name":"wp","href":"https:\/\/api.w.org\/{rel}","templated":true}]}}